{"id":191,"date":"2020-07-08T23:18:21","date_gmt":"2020-07-08T21:18:21","guid":{"rendered":"https:\/\/www.lagopolane.it\/?page_id=191"},"modified":"2026-01-09T15:00:48","modified_gmt":"2026-01-09T14:00:48","slug":"home","status":"publish","type":"page","link":"https:\/\/www.lagopolane.it\/fr\/","title":{"rendered":"Home"},"content":{"rendered":"\n<h2 class=\"wp-block-heading\">Les racines dans le territoire de Prato, le r\u00e9gard tourn\u00e9 vers le futur.<\/h2>\n\n<p>Depuis plus de 50 ans, <strong>Lagopolane<\/strong> exporte qualit\u00e9 et experience familiale dans \u00a0la sc\u00e8ne internationale des fils pour tricotage et tissage.<\/p>\n","protected":false},"excerpt":{"rendered":"<p>Les racines dans le territoire de Prato, le r\u00e9gard tourn\u00e9 vers le futur. Depuis plus de 50 ans, Lagopolane exporte qualit\u00e9 et experience familiale dans \u00a0la sc\u00e8ne internationale des fils pour tricotage et tissage. [&#8230;]<\/p>\n<p><a class=\"btn btn-secondary understrap-read-more-link\" href=\"https:\/\/www.lagopolane.it\/fr\/\">Read More&#8230;<\/a><\/p>\n","protected":false},"author":1001,"featured_media":180,"parent":0,"menu_order":0,"comment_status":"closed","ping_status":"closed","template":"page-templates\/home.php","meta":{"footnotes":""},"class_list":["post-191","page","type-page","status-publish","has-post-thumbnail","hentry"],"yoast_head":"<!-- This site is optimized with the Yoast SEO plugin v26.7 - https:\/\/yoast.com\/wordpress\/plugins\/seo\/ -->\n<title>Lagopolane - Production de fils peign\u00e9s pour le tricot et le tissage<\/title>\n<meta name=\"robots\" content=\"index, follow, max-snippet:-1, max-image-preview:large, max-video-preview:-1\" \/>\n<link rel=\"canonical\" href=\"https:\/\/www.lagopolane.it\/fr\/\" \/>\n<meta property=\"og:locale\" content=\"fr_FR\" \/>\n<meta property=\"og:type\" content=\"article\" \/>\n<meta property=\"og:title\" content=\"Lagopolane - Production de fils peign\u00e9s pour le tricot et le tissage\" \/>\n<meta property=\"og:description\" content=\"Les racines dans le territoire de Prato, le r\u00e9gard tourn\u00e9 vers le futur. Depuis plus de 50 ans, Lagopolane exporte qualit\u00e9 et experience familiale dans \u00a0la sc\u00e8ne internationale des fils pour tricotage et tissage. [...]Read More...\" \/>\n<meta property=\"og:url\" content=\"https:\/\/www.lagopolane.it\/fr\/\" \/>\n<meta property=\"og:site_name\" content=\"Lagopolane\" \/>\n<meta property=\"article:modified_time\" content=\"2026-01-09T14:00:48+00:00\" \/>\n<meta property=\"og:image\" content=\"https:\/\/www.lagopolane.it\/wp-content\/uploads\/2020\/06\/fili.jpg\" \/>\n\t<meta property=\"og:image:width\" content=\"1500\" \/>\n\t<meta property=\"og:image:height\" content=\"1000\" \/>\n\t<meta property=\"og:image:type\" content=\"image\/jpeg\" \/>\n<meta name=\"twitter:card\" content=\"summary_large_image\" \/>\n<script type=\"application\/ld+json\" class=\"yoast-schema-graph\">{\"@context\":\"https:\/\/schema.org\",\"@graph\":[{\"@type\":\"WebPage\",\"@id\":\"https:\/\/www.lagopolane.it\/fr\/\",\"url\":\"https:\/\/www.lagopolane.it\/fr\/\",\"name\":\"Lagopolane - Production de fils peign\u00e9s pour le tricot et le tissage\",\"isPartOf\":{\"@id\":\"https:\/\/www.lagopolane.it\/fr\/#website\"},\"primaryImageOfPage\":{\"@id\":\"https:\/\/www.lagopolane.it\/fr\/#primaryimage\"},\"image\":{\"@id\":\"https:\/\/www.lagopolane.it\/fr\/#primaryimage\"},\"thumbnailUrl\":\"https:\/\/www.lagopolane.it\/wp-content\/uploads\/2020\/06\/fili.jpg\",\"datePublished\":\"2020-07-08T21:18:21+00:00\",\"dateModified\":\"2026-01-09T14:00:48+00:00\",\"breadcrumb\":{\"@id\":\"https:\/\/www.lagopolane.it\/fr\/#breadcrumb\"},\"inLanguage\":\"fr-FR\",\"potentialAction\":[{\"@type\":\"ReadAction\",\"target\":[\"https:\/\/www.lagopolane.it\/fr\/\"]}]},{\"@type\":\"ImageObject\",\"inLanguage\":\"fr-FR\",\"@id\":\"https:\/\/www.lagopolane.it\/fr\/#primaryimage\",\"url\":\"https:\/\/www.lagopolane.it\/wp-content\/uploads\/2020\/06\/fili.jpg\",\"contentUrl\":\"https:\/\/www.lagopolane.it\/wp-content\/uploads\/2020\/06\/fili.jpg\",\"width\":1500,\"height\":1000},{\"@type\":\"BreadcrumbList\",\"@id\":\"https:\/\/www.lagopolane.it\/fr\/#breadcrumb\",\"itemListElement\":[{\"@type\":\"ListItem\",\"position\":1,\"name\":\"Home\",\"item\":\"https:\/\/www.lagopolane.it\/fr\/\"},{\"@type\":\"ListItem\",\"position\":2,\"name\":\"Home\"}]},{\"@type\":\"WebSite\",\"@id\":\"https:\/\/www.lagopolane.it\/fr\/#website\",\"url\":\"https:\/\/www.lagopolane.it\/fr\/\",\"name\":\"Lagopolane\",\"description\":\"Produzione di filati pettinati per maglieria e tessitura\",\"publisher\":{\"@id\":\"https:\/\/www.lagopolane.it\/fr\/#organization\"},\"potentialAction\":[{\"@type\":\"SearchAction\",\"target\":{\"@type\":\"EntryPoint\",\"urlTemplate\":\"https:\/\/www.lagopolane.it\/fr\/?s={search_term_string}\"},\"query-input\":{\"@type\":\"PropertyValueSpecification\",\"valueRequired\":true,\"valueName\":\"search_term_string\"}}],\"inLanguage\":\"fr-FR\"},{\"@type\":\"Organization\",\"@id\":\"https:\/\/www.lagopolane.it\/fr\/#organization\",\"name\":\"Pettinatura LAGOPOLANE sas\",\"url\":\"https:\/\/www.lagopolane.it\/fr\/\",\"logo\":{\"@type\":\"ImageObject\",\"inLanguage\":\"fr-FR\",\"@id\":\"https:\/\/www.lagopolane.it\/fr\/#\/schema\/logo\/image\/\",\"url\":\"https:\/\/www.lagopolane.it\/wp-content\/uploads\/2020\/06\/logo.png\",\"contentUrl\":\"https:\/\/www.lagopolane.it\/wp-content\/uploads\/2020\/06\/logo.png\",\"width\":680,\"height\":232,\"caption\":\"Pettinatura LAGOPOLANE sas\"},\"image\":{\"@id\":\"https:\/\/www.lagopolane.it\/fr\/#\/schema\/logo\/image\/\"}}]}<\/script>\n<!-- \/ Yoast SEO plugin. -->","yoast_head_json":{"title":"Lagopolane - Production de fils peign\u00e9s pour le tricot et le tissage","robots":{"index":"index","follow":"follow","max-snippet":"max-snippet:-1","max-image-preview":"max-image-preview:large","max-video-preview":"max-video-preview:-1"},"canonical":"https:\/\/www.lagopolane.it\/fr\/","og_locale":"fr_FR","og_type":"article","og_title":"Lagopolane - Production de fils peign\u00e9s pour le tricot et le tissage","og_description":"Les racines dans le territoire de Prato, le r\u00e9gard tourn\u00e9 vers le futur. Depuis plus de 50 ans, Lagopolane exporte qualit\u00e9 et experience familiale dans \u00a0la sc\u00e8ne internationale des fils pour tricotage et tissage. [...]Read More...","og_url":"https:\/\/www.lagopolane.it\/fr\/","og_site_name":"Lagopolane","article_modified_time":"2026-01-09T14:00:48+00:00","og_image":[{"width":1500,"height":1000,"url":"https:\/\/www.lagopolane.it\/wp-content\/uploads\/2020\/06\/fili.jpg","type":"image\/jpeg"}],"twitter_card":"summary_large_image","schema":{"@context":"https:\/\/schema.org","@graph":[{"@type":"WebPage","@id":"https:\/\/www.lagopolane.it\/fr\/","url":"https:\/\/www.lagopolane.it\/fr\/","name":"Lagopolane - Production de fils peign\u00e9s pour le tricot et le tissage","isPartOf":{"@id":"https:\/\/www.lagopolane.it\/fr\/#website"},"primaryImageOfPage":{"@id":"https:\/\/www.lagopolane.it\/fr\/#primaryimage"},"image":{"@id":"https:\/\/www.lagopolane.it\/fr\/#primaryimage"},"thumbnailUrl":"https:\/\/www.lagopolane.it\/wp-content\/uploads\/2020\/06\/fili.jpg","datePublished":"2020-07-08T21:18:21+00:00","dateModified":"2026-01-09T14:00:48+00:00","breadcrumb":{"@id":"https:\/\/www.lagopolane.it\/fr\/#breadcrumb"},"inLanguage":"fr-FR","potentialAction":[{"@type":"ReadAction","target":["https:\/\/www.lagopolane.it\/fr\/"]}]},{"@type":"ImageObject","inLanguage":"fr-FR","@id":"https:\/\/www.lagopolane.it\/fr\/#primaryimage","url":"https:\/\/www.lagopolane.it\/wp-content\/uploads\/2020\/06\/fili.jpg","contentUrl":"https:\/\/www.lagopolane.it\/wp-content\/uploads\/2020\/06\/fili.jpg","width":1500,"height":1000},{"@type":"BreadcrumbList","@id":"https:\/\/www.lagopolane.it\/fr\/#breadcrumb","itemListElement":[{"@type":"ListItem","position":1,"name":"Home","item":"https:\/\/www.lagopolane.it\/fr\/"},{"@type":"ListItem","position":2,"name":"Home"}]},{"@type":"WebSite","@id":"https:\/\/www.lagopolane.it\/fr\/#website","url":"https:\/\/www.lagopolane.it\/fr\/","name":"Lagopolane","description":"Produzione di filati pettinati per maglieria e tessitura","publisher":{"@id":"https:\/\/www.lagopolane.it\/fr\/#organization"},"potentialAction":[{"@type":"SearchAction","target":{"@type":"EntryPoint","urlTemplate":"https:\/\/www.lagopolane.it\/fr\/?s={search_term_string}"},"query-input":{"@type":"PropertyValueSpecification","valueRequired":true,"valueName":"search_term_string"}}],"inLanguage":"fr-FR"},{"@type":"Organization","@id":"https:\/\/www.lagopolane.it\/fr\/#organization","name":"Pettinatura LAGOPOLANE sas","url":"https:\/\/www.lagopolane.it\/fr\/","logo":{"@type":"ImageObject","inLanguage":"fr-FR","@id":"https:\/\/www.lagopolane.it\/fr\/#\/schema\/logo\/image\/","url":"https:\/\/www.lagopolane.it\/wp-content\/uploads\/2020\/06\/logo.png","contentUrl":"https:\/\/www.lagopolane.it\/wp-content\/uploads\/2020\/06\/logo.png","width":680,"height":232,"caption":"Pettinatura LAGOPOLANE sas"},"image":{"@id":"https:\/\/www.lagopolane.it\/fr\/#\/schema\/logo\/image\/"}}]}},"_links":{"self":[{"href":"https:\/\/www.lagopolane.it\/fr\/wp-json\/wp\/v2\/pages\/191","targetHints":{"allow":["GET"]}}],"collection":[{"href":"https:\/\/www.lagopolane.it\/fr\/wp-json\/wp\/v2\/pages"}],"about":[{"href":"https:\/\/www.lagopolane.it\/fr\/wp-json\/wp\/v2\/types\/page"}],"author":[{"embeddable":true,"href":"https:\/\/www.lagopolane.it\/fr\/wp-json\/wp\/v2\/users\/1001"}],"replies":[{"embeddable":true,"href":"https:\/\/www.lagopolane.it\/fr\/wp-json\/wp\/v2\/comments?post=191"}],"version-history":[{"count":2,"href":"https:\/\/www.lagopolane.it\/fr\/wp-json\/wp\/v2\/pages\/191\/revisions"}],"predecessor-version":[{"id":11378,"href":"https:\/\/www.lagopolane.it\/fr\/wp-json\/wp\/v2\/pages\/191\/revisions\/11378"}],"wp:featuredmedia":[{"embeddable":true,"href":"https:\/\/www.lagopolane.it\/fr\/wp-json\/wp\/v2\/media\/180"}],"wp:attachment":[{"href":"https:\/\/www.lagopolane.it\/fr\/wp-json\/wp\/v2\/media?parent=191"}],"curies":[{"name":"wp","href":"https:\/\/api.w.org\/{rel}","templated":true}]}}